{"id":177,"date":"2021-12-23T12:31:10","date_gmt":"2021-12-23T11:31:10","guid":{"rendered":"https:\/\/demosites.royal-elementor-addons.com\/nature-v1\/?page_id=177"},"modified":"2023-12-18T18:08:07","modified_gmt":"2023-12-18T17:08:07","slug":"contact","status":"publish","type":"page","link":"https:\/\/camtelkiosk.com\/index.php\/contact\/","title":{"rendered":"Contact"},"content":{"rendered":"\t\t<div data-elementor-type=\"wp-page\" data-elementor-id=\"177\" class=\"elementor elementor-177\">\n\t\t\t\t\t\t<section class=\"elementor-section elementor-top-section elementor-element elementor-element-f097916 elementor-section-full_width elementor-section-height-default elementor-section-height-default wpr-particle-no wpr-jarallax-no wpr-parallax-no wpr-sticky-section-no\" data-id=\"f097916\" data-element_type=\"section\" data-e-type=\"section\" data-settings=\"{&quot;background_background&quot;:&quot;classic&quot;}\">\n\t\t\t\t\t\t\t<div class=\"elementor-background-overlay\"><\/div>\n\t\t\t\t\t\t\t<div class=\"elementor-container elementor-column-gap-default\">\n\t\t\t\t\t<div class=\"elementor-column elementor-col-100 elementor-top-column elementor-element elementor-element-5ee69e9\" data-id=\"5ee69e9\" data-element_type=\"column\" data-e-type=\"column\">\n\t\t\t<div class=\"elementor-widget-wrap elementor-element-populated\">\n\t\t\t\t\t\t<div class=\"elementor-element elementor-element-20fe6f1 elementor-widget elementor-widget-heading\" data-id=\"20fe6f1\" data-element_type=\"widget\" data-e-type=\"widget\" data-widget_type=\"heading.default\">\n\t\t\t\t<div class=\"elementor-widget-container\">\n\t\t\t\t\t<h2 class=\"elementor-heading-title elementor-size-default\">Contact<\/h2>\t\t\t\t<\/div>\n\t\t\t\t<\/div>\n\t\t\t\t\t<\/div>\n\t\t<\/div>\n\t\t\t\t\t<\/div>\n\t\t<\/section>\n\t\t\t\t<section class=\"elementor-section elementor-top-section elementor-element elementor-element-3c46fa8 elementor-section-boxed elementor-section-height-default elementor-section-height-default wpr-particle-no wpr-jarallax-no wpr-parallax-no wpr-sticky-section-no\" data-id=\"3c46fa8\" data-element_type=\"section\" data-e-type=\"section\">\n\t\t\t\t\t\t<div class=\"elementor-container elementor-column-gap-default\">\n\t\t\t\t\t<div class=\"elementor-column elementor-col-50 elementor-top-column elementor-element elementor-element-453991c\" data-id=\"453991c\" data-element_type=\"column\" data-e-type=\"column\">\n\t\t\t<div class=\"elementor-widget-wrap elementor-element-populated\">\n\t\t\t\t\t\t<div class=\"elementor-element elementor-element-7519584 elementor-widget-mobile__width-initial wpr-step-type-number_text wpr-step-content-layout-vertical wpr-custom-styles-yes elementor-widget elementor-widget-wpr-form-builder\" data-id=\"7519584\" data-element_type=\"widget\" data-e-type=\"widget\" data-settings=\"{&quot;success_message&quot;:&quot;Submission successful&quot;,&quot;error_message&quot;:&quot;Submission failed&quot;,&quot;button_width&quot;:{&quot;unit&quot;:&quot;%&quot;,&quot;size&quot;:100,&quot;sizes&quot;:[]},&quot;button_width_tablet&quot;:{&quot;unit&quot;:&quot;px&quot;,&quot;size&quot;:&quot;&quot;,&quot;sizes&quot;:[]},&quot;button_width_mobile&quot;:{&quot;unit&quot;:&quot;px&quot;,&quot;size&quot;:&quot;&quot;,&quot;sizes&quot;:[]},&quot;step_type&quot;:&quot;number_text&quot;,&quot;step_content_layout&quot;:&quot;vertical&quot;}\" data-widget_type=\"wpr-form-builder.default\">\n\t\t\t\t<div class=\"elementor-widget-container\">\n\t\t\t\t\t\t\t<form class=\"wpr-form\" method=\"post\" name=\"New Form\" page=\"Contact\" page_id=\"177\" novalidate>\n\t\t\t<input type=\"hidden\" name=\"post_id\" value=\"177\"\/>\n\t\t\t<input type=\"hidden\" name=\"form_id\" value=\"7519584\"\/>\n\t\t\t<input type=\"hidden\" name=\"referer_title\" value=\"Camtelkiosk\" \/>\n\n\t\t\t<div class=\"wpr-step-wrap\"><\/div>\n\t\t\t<div class=\"wpr-form-fields-wrap wpr-labels-above\">\n\t\t\t\t\t\t\t\t\t<div class=\"wpr-form-field-type-text wpr-field-group wpr-column wpr-field-group-name elementor-repeater-item-da13b0e\">\n\t\t\t\t\t\t\t\t\t\t\t\t\t\t<label for=\"form-field-name\" class=\"wpr-form-field-label\" data-alt-label=\"Your Name\">\n\t\t\t\t\t\t\t\t\tYour Name\t\t\t\t\t\t\t\t<\/label>\n\t\t\t\t\t\t\t<input size=\"1 \"type=\"text\" name=\"form_fields[name]\" id=\"form-field-name\" class=\"wpr-form-field  wpr-form-field-textual\">\t\t\t\t\t<\/div>\n\t\t\t\t\t\t\t\t\t<div class=\"wpr-form-field-type-email wpr-field-group wpr-column wpr-field-group-email elementor-repeater-item-f8772aa wpr-form-field-required\">\n\t\t\t\t\t\t\t\t\t\t\t\t\t\t<label for=\"form-field-email\" class=\"wpr-form-field-label\" data-alt-label=\"Your Email\">\n\t\t\t\t\t\t\t\t\tYour Email\t\t\t\t\t\t\t\t<\/label>\n\t\t\t\t\t\t\t<input size=\"1 \"type=\"email\" name=\"form_fields[email]\" id=\"form-field-email\" class=\"wpr-form-field  wpr-form-field-textual\" required=\"required\" aria-required=\"true\">\t\t\t\t\t<\/div>\n\t\t\t\t\t\t\t\t\t<div class=\"wpr-form-field-type-textarea wpr-field-group wpr-column wpr-field-group-message elementor-repeater-item-c2bc7dc\">\n\t\t\t\t\t\t\t\t\t\t\t\t\t\t<label for=\"form-field-message\" class=\"wpr-form-field-label\" data-alt-label=\"Your Message (optional)\">\n\t\t\t\t\t\t\t\t\tYour Message (optional)\t\t\t\t\t\t\t\t<\/label>\n\t\t\t\t\t\t\t<textarea class=\"wpr-form-field-textual wpr-form-field \" name=\"form_fields[message]\" id=\"form-field-message\" rows=\"7\"><\/textarea>\t\t\t\t\t<\/div>\n\t\t\t\t<div class=\"wpr-field-group wpr-stp-btns-wrap wpr-column wpr-form-field-type-submit\" data-actions=\"[&quot;email&quot;]\" data-redirect-url=\"\" data-mailchimp-fields=\"{&quot;email_field&quot;:&quot;&quot;,&quot;first_name_field&quot;:&quot;&quot;,&quot;last_name_field&quot;:&quot;&quot;,&quot;address_field&quot;:&quot;&quot;,&quot;phone_field&quot;:&quot;&quot;,&quot;birthday_field&quot;:&quot;&quot;,&quot;group_id&quot;:&quot;&quot;}\" data-list-id=\"\">\t\t\t<button type=\"submit\" class=\"wpr-button\">\n\t\t\t\t<span >\n\t\t\t\t\t\t\t\t\t\t\t\t\t\t\t\t<span>Envoyer<\/span>\n\t\t\t\t\t\t\t\t\t\t\t\t\t\t<\/span>\t\n\t\t\t\t<div class=\"wpr-double-bounce wpr-loader-hidden\">\n\t\t\t\t\t<div class=\"wpr-child wpr-double-bounce1\"><\/div>\n\t\t\t\t\t<div class=\"wpr-child wpr-double-bounce2\"><\/div>\n\t\t\t\t<\/div>\n\t\t\t<\/button>\n\t\t<\/div>\t\t\t\t\n\t\t\t<\/div>\n\t\t<\/form>\n\t  \t\t\t\t<\/div>\n\t\t\t\t<\/div>\n\t\t\t\t\t<\/div>\n\t\t<\/div>\n\t\t\t\t<div class=\"elementor-column elementor-col-50 elementor-top-column elementor-element elementor-element-9186223\" data-id=\"9186223\" data-element_type=\"column\" data-e-type=\"column\">\n\t\t\t<div class=\"elementor-widget-wrap elementor-element-populated\">\n\t\t\t\t\t\t<div class=\"elementor-element elementor-element-d23b171 elementor-widget elementor-widget-heading\" data-id=\"d23b171\" data-element_type=\"widget\" data-e-type=\"widget\" data-widget_type=\"heading.default\">\n\t\t\t\t<div class=\"elementor-widget-container\">\n\t\t\t\t\t<h2 class=\"elementor-heading-title elementor-size-default\">Contact Us<\/h2>\t\t\t\t<\/div>\n\t\t\t\t<\/div>\n\t\t\t\t<div class=\"elementor-element elementor-element-b8e16df elementor-widget-divider--view-line elementor-widget elementor-widget-divider\" data-id=\"b8e16df\" data-element_type=\"widget\" data-e-type=\"widget\" data-widget_type=\"divider.default\">\n\t\t\t\t<div class=\"elementor-widget-container\">\n\t\t\t\t\t\t\t<div class=\"elementor-divider\">\n\t\t\t<span class=\"elementor-divider-separator\">\n\t\t\t\t\t\t<\/span>\n\t\t<\/div>\n\t\t\t\t\t\t<\/div>\n\t\t\t\t<\/div>\n\t\t\t\t<div class=\"elementor-element elementor-element-3d84baa elementor-widget elementor-widget-text-editor\" data-id=\"3d84baa\" data-element_type=\"widget\" data-e-type=\"widget\" data-widget_type=\"text-editor.default\">\n\t\t\t\t<div class=\"elementor-widget-container\">\n\t\t\t\t\t\t\t\t\t<div class=\"xFVDSb\"><strong>Num\u00e9ro de t\u00e9l\u00e9phone<\/strong><\/div><div class=\"pSEeg\">+237691528221 \/ +237679547640\u00a0<\/div><div>\u00a0<\/div><div><div class=\"pZ8Djf\"><div class=\"xFVDSb\"><strong>Adresse e-mail de l&#8217;assistance<\/strong><\/div><div class=\"pSEeg\">beranger.nynga@gmail.com<\/div><div>\u00a0<\/div><\/div><div><div class=\"pZ8Djf\"><div class=\"xFVDSb\"><strong>Adresse<\/strong><\/div><div class=\"pSEeg\">Dcshang, Cameroon. Po. Box 484 Dschang.<\/div><\/div><\/div><\/div>\t\t\t\t\t\t\t\t<\/div>\n\t\t\t\t<\/div>\n\t\t\t\t\t<\/div>\n\t\t<\/div>\n\t\t\t\t\t<\/div>\n\t\t<\/section>\n\t\t\t\t<\/div>\n\t\t","protected":false},"excerpt":{"rendered":"<p>Contact Your Name Your Email Your Message (optional) Submit Contact Us Num\u00e9ro de t\u00e9l\u00e9phone+237691528221 \/ +237679547640\u00a0\u00a0Adresse e-mail de l&#8217;assistanceberanger.nynga@gmail.com\u00a0AdresseDcshang, Cameroon. Po. Box 484 Dschang.<\/p>\n","protected":false},"author":1,"featured_media":0,"parent":0,"menu_order":0,"comment_status":"closed","ping_status":"closed","template":"elementor_canvas","meta":{"footnotes":""},"class_list":["post-177","page","type-page","status-publish","hentry"],"yoast_head":"<!-- This site is optimized with the Yoast SEO plugin v27.1.1 - https:\/\/yoast.com\/product\/yoast-seo-wordpress\/ -->\n<title>Contact - Camtelkiosk<\/title>\n<meta name=\"robots\" content=\"index, follow, max-snippet:-1, max-image-preview:large, max-video-preview:-1\" \/>\n<link rel=\"canonical\" href=\"https:\/\/camtelkiosk.com\/index.php\/contact\/\" \/>\n<meta property=\"og:locale\" content=\"fr_FR\" \/>\n<meta property=\"og:type\" content=\"article\" \/>\n<meta property=\"og:title\" content=\"Contact - Camtelkiosk\" \/>\n<meta property=\"og:description\" content=\"Contact Your Name Your Email Your Message (optional) Submit Contact Us Num\u00e9ro de t\u00e9l\u00e9phone+237691528221 \/ +237679547640\u00a0\u00a0Adresse e-mail de l&#8217;assistanceberanger.nynga@gmail.com\u00a0AdresseDcshang, Cameroon. Po. Box 484 Dschang.\" \/>\n<meta property=\"og:url\" content=\"https:\/\/camtelkiosk.com\/index.php\/contact\/\" \/>\n<meta property=\"og:site_name\" content=\"Camtelkiosk\" \/>\n<meta property=\"article:modified_time\" content=\"2023-12-18T17:08:07+00:00\" \/>\n<meta name=\"twitter:card\" content=\"summary_large_image\" \/>\n<script type=\"application\/ld+json\" class=\"yoast-schema-graph\">{\"@context\":\"https:\/\/schema.org\",\"@graph\":[{\"@type\":\"WebPage\",\"@id\":\"https:\/\/camtelkiosk.com\/index.php\/contact\/\",\"url\":\"https:\/\/camtelkiosk.com\/index.php\/contact\/\",\"name\":\"Contact - Camtelkiosk\",\"isPartOf\":{\"@id\":\"https:\/\/camtelkiosk.com\/#website\"},\"datePublished\":\"2021-12-23T11:31:10+00:00\",\"dateModified\":\"2023-12-18T17:08:07+00:00\",\"breadcrumb\":{\"@id\":\"https:\/\/camtelkiosk.com\/index.php\/contact\/#breadcrumb\"},\"inLanguage\":\"fr-FR\",\"potentialAction\":[{\"@type\":\"ReadAction\",\"target\":[\"https:\/\/camtelkiosk.com\/index.php\/contact\/\"]}]},{\"@type\":\"BreadcrumbList\",\"@id\":\"https:\/\/camtelkiosk.com\/index.php\/contact\/#breadcrumb\",\"itemListElement\":[{\"@type\":\"ListItem\",\"position\":1,\"name\":\"Accueil\",\"item\":\"https:\/\/camtelkiosk.com\/\"},{\"@type\":\"ListItem\",\"position\":2,\"name\":\"Contact\"}]},{\"@type\":\"WebSite\",\"@id\":\"https:\/\/camtelkiosk.com\/#website\",\"url\":\"https:\/\/camtelkiosk.com\/\",\"name\":\"Camtelkiosk\",\"description\":\"Recharge blue\",\"publisher\":{\"@id\":\"https:\/\/camtelkiosk.com\/#organization\"},\"potentialAction\":[{\"@type\":\"SearchAction\",\"target\":{\"@type\":\"EntryPoint\",\"urlTemplate\":\"https:\/\/camtelkiosk.com\/?s={search_term_string}\"},\"query-input\":{\"@type\":\"PropertyValueSpecification\",\"valueRequired\":true,\"valueName\":\"search_term_string\"}}],\"inLanguage\":\"fr-FR\"},{\"@type\":\"Organization\",\"@id\":\"https:\/\/camtelkiosk.com\/#organization\",\"name\":\"Camtelkiosk\",\"url\":\"https:\/\/camtelkiosk.com\/\",\"logo\":{\"@type\":\"ImageObject\",\"inLanguage\":\"fr-FR\",\"@id\":\"https:\/\/camtelkiosk.com\/#\/schema\/logo\/image\/\",\"url\":\"https:\/\/camtelkiosk.com\/wp-content\/uploads\/2023\/12\/WhatsApp-Image-2023-12-06-a-18.16.20_be620df7.jpg\",\"contentUrl\":\"https:\/\/camtelkiosk.com\/wp-content\/uploads\/2023\/12\/WhatsApp-Image-2023-12-06-a-18.16.20_be620df7.jpg\",\"width\":396,\"height\":238,\"caption\":\"Camtelkiosk\"},\"image\":{\"@id\":\"https:\/\/camtelkiosk.com\/#\/schema\/logo\/image\/\"}}]}<\/script>\n<!-- \/ Yoast SEO plugin. -->","yoast_head_json":{"title":"Contact - Camtelkiosk","robots":{"index":"index","follow":"follow","max-snippet":"max-snippet:-1","max-image-preview":"max-image-preview:large","max-video-preview":"max-video-preview:-1"},"canonical":"https:\/\/camtelkiosk.com\/index.php\/contact\/","og_locale":"fr_FR","og_type":"article","og_title":"Contact - Camtelkiosk","og_description":"Contact Your Name Your Email Your Message (optional) Submit Contact Us Num\u00e9ro de t\u00e9l\u00e9phone+237691528221 \/ +237679547640\u00a0\u00a0Adresse e-mail de l&#8217;assistanceberanger.nynga@gmail.com\u00a0AdresseDcshang, Cameroon. Po. Box 484 Dschang.","og_url":"https:\/\/camtelkiosk.com\/index.php\/contact\/","og_site_name":"Camtelkiosk","article_modified_time":"2023-12-18T17:08:07+00:00","twitter_card":"summary_large_image","schema":{"@context":"https:\/\/schema.org","@graph":[{"@type":"WebPage","@id":"https:\/\/camtelkiosk.com\/index.php\/contact\/","url":"https:\/\/camtelkiosk.com\/index.php\/contact\/","name":"Contact - Camtelkiosk","isPartOf":{"@id":"https:\/\/camtelkiosk.com\/#website"},"datePublished":"2021-12-23T11:31:10+00:00","dateModified":"2023-12-18T17:08:07+00:00","breadcrumb":{"@id":"https:\/\/camtelkiosk.com\/index.php\/contact\/#breadcrumb"},"inLanguage":"fr-FR","potentialAction":[{"@type":"ReadAction","target":["https:\/\/camtelkiosk.com\/index.php\/contact\/"]}]},{"@type":"BreadcrumbList","@id":"https:\/\/camtelkiosk.com\/index.php\/contact\/#breadcrumb","itemListElement":[{"@type":"ListItem","position":1,"name":"Accueil","item":"https:\/\/camtelkiosk.com\/"},{"@type":"ListItem","position":2,"name":"Contact"}]},{"@type":"WebSite","@id":"https:\/\/camtelkiosk.com\/#website","url":"https:\/\/camtelkiosk.com\/","name":"Camtelkiosk","description":"Recharge blue","publisher":{"@id":"https:\/\/camtelkiosk.com\/#organization"},"potentialAction":[{"@type":"SearchAction","target":{"@type":"EntryPoint","urlTemplate":"https:\/\/camtelkiosk.com\/?s={search_term_string}"},"query-input":{"@type":"PropertyValueSpecification","valueRequired":true,"valueName":"search_term_string"}}],"inLanguage":"fr-FR"},{"@type":"Organization","@id":"https:\/\/camtelkiosk.com\/#organization","name":"Camtelkiosk","url":"https:\/\/camtelkiosk.com\/","logo":{"@type":"ImageObject","inLanguage":"fr-FR","@id":"https:\/\/camtelkiosk.com\/#\/schema\/logo\/image\/","url":"https:\/\/camtelkiosk.com\/wp-content\/uploads\/2023\/12\/WhatsApp-Image-2023-12-06-a-18.16.20_be620df7.jpg","contentUrl":"https:\/\/camtelkiosk.com\/wp-content\/uploads\/2023\/12\/WhatsApp-Image-2023-12-06-a-18.16.20_be620df7.jpg","width":396,"height":238,"caption":"Camtelkiosk"},"image":{"@id":"https:\/\/camtelkiosk.com\/#\/schema\/logo\/image\/"}}]}},"_links":{"self":[{"href":"https:\/\/camtelkiosk.com\/index.php\/wp-json\/wp\/v2\/pages\/177","targetHints":{"allow":["GET"]}}],"collection":[{"href":"https:\/\/camtelkiosk.com\/index.php\/wp-json\/wp\/v2\/pages"}],"about":[{"href":"https:\/\/camtelkiosk.com\/index.php\/wp-json\/wp\/v2\/types\/page"}],"author":[{"embeddable":true,"href":"https:\/\/camtelkiosk.com\/index.php\/wp-json\/wp\/v2\/users\/1"}],"replies":[{"embeddable":true,"href":"https:\/\/camtelkiosk.com\/index.php\/wp-json\/wp\/v2\/comments?post=177"}],"version-history":[{"count":15,"href":"https:\/\/camtelkiosk.com\/index.php\/wp-json\/wp\/v2\/pages\/177\/revisions"}],"predecessor-version":[{"id":1243,"href":"https:\/\/camtelkiosk.com\/index.php\/wp-json\/wp\/v2\/pages\/177\/revisions\/1243"}],"wp:attachment":[{"href":"https:\/\/camtelkiosk.com\/index.php\/wp-json\/wp\/v2\/media?parent=177"}],"curies":[{"name":"wp","href":"https:\/\/api.w.org\/{rel}","templated":true}]}}